{"id":1363,"date":"2018-12-05T08:29:12","date_gmt":"2018-12-05T08:29:12","guid":{"rendered":"https:\/\/www.stylianidispsy.gr\/?page_id=1363"},"modified":"2021-04-27T17:41:41","modified_gmt":"2021-04-27T17:41:41","slug":"about-me","status":"publish","type":"page","link":"https:\/\/www.stylianidispsy.gr\/en\/about-me\/","title":{"rendered":"About Me"},"content":{"rendered":"<div id=\"pl-1363\"  class=\"panel-layout\" ><div id=\"pg-1363-0\"  class=\"panel-grid panel-no-style\" ><div id=\"pgc-1363-0-0\"  class=\"panel-grid-cell\" ><div id=\"panel-1363-0-0-0\" class=\"so-panel widget widget_sow-editor panel-first-child panel-last-child\" data-index=\"0\" ><div\n\t\t\t\n\t\t\tclass=\"so-widget-sow-editor so-widget-sow-editor-base\"\n\t\t\t\n\t\t>\n<div class=\"siteorigin-widget-tinymce textwidget\">\n\t<p><img loading=\"lazy\" decoding=\"async\" class=\"size-full wp-image-648 alignleft\" src=\"https:\/\/www.stylianidispsy.gr\/wp-content\/uploads\/2018\/11\/profile.png\" alt=\"\" width=\"232\" height=\"206\" \/>Stelios Stylianidis is <strong>Professor of Social Psychiatry at the Department of Psychology at Panteion University in Athens<\/strong>. He is the founder and Scientific Director (1989-2015) of the Scientific Association for Regional Development and Mental Health (E.P.A.PS.Y.). From 2016, he has been working as Scientific Consultant of E.P.A.P.S.Y. (NGO) and since 2020 he has been the Honorary President of E.P.A.P.S.Y.<\/p>\n<p>Dr. Stylianidis is a psychoanalyst, and a member of the Hellenic Psycho-Analytical Society and the International Psychoanalytical Association (IPA), as well as a group analyst, and a member of the Hellenic Society of Psychoanalytic Group Psychotherapy and the Soci\u00e9t\u00e9 Fran\u00e7aise de Psychoth\u00e9rapie Psychanalytique de Groupe (SFPPG).<\/p>\n<p>His past activities include being: Past Vice President of the World Association for Psychosocial Rehabilitation, Greek Counterpart of WHO for mental health, Chief Executive Officer of Children\u2019s Psychiatric Hospital of Attica (2000 - 2004), W.H.O. Consultant (\u201cNations for Mental Health\u201d Programme), as well as Director of the Community Mental Health Center in Chalkida (1989-1997).<\/p>\n<p>Dr Stylianidis has professional experience (clinical work, research and administration) in France, Italy and Greece. He is a pioneer in Greece in the field of the reform of psychiatric services, linking Primary Health Care with psychiatric services in networking optimization. Dr. Stylianidis\u2019 contribution is also significant in the field of user and carer movement in mental health, both on a state and international level, wherein he has organized and implemented interventions primarily on the institutional level concerning empowerment, application of recovery model, and human rights in mental health. He is very experienced in interventions for the supervision and education of professionals in mental health services, in organisations, in hospitals and in companies.<br \/>\nFor the last two years, he has been practicing psychoanalytic supervision for the working group of the Programme for Psychosocial Intervention for Refugees, carried out by EPAPSY for the UNHCR, and he has made a series of conference presentations on the topic of mental healthcare for refugees and migrants.<\/p>\n<p>From 2011 to 2017 he was scientific responsible for the research programme \u201cStudy of Involuntary Hospitalizations in Attica\u201d and since 2018 he has been scientific responsible for the research programme \u201cStudy of Involuntary Hospitalizations in Greece\u201d. It is a multicentric research programme, carried out in three major Greek cities, with the aim to evaluate the use of 2 involuntary hospitalization and coercive measures in Greece and to identify possible alternative therapeutic measures.<\/p>\n<p>Dr. Stylianidis has been the author of over 160 scientific publications and has contributed over 180 interventions to the Greek mass media.<\/p>\n<\/div>\n<\/div><\/div><\/div><\/div><div id=\"pg-1363-1\"  class=\"panel-grid panel-no-style\" ><div id=\"pgc-1363-1-0\"  class=\"panel-grid-cell\" ><div id=\"panel-1363-1-0-0\" class=\"so-panel widget widget_sow-editor panel-first-child panel-last-child\" data-index=\"1\" ><div\n\t\t\t\n\t\t\tclass=\"so-widget-sow-editor so-widget-sow-editor-base\"\n\t\t\t\n\t\t>\n<div class=\"siteorigin-widget-tinymce textwidget\">\n\t<ul>\n<li>Stylianidis S., Stylianoudi M.G.-L &amp; Chondros P. (2005). Prejudice and Institution, Change and Resistance: Dismantling the Children's Psychiatric Hospital of Attica. In: Georgiopoulos A. &amp; Rosenmaum J. (eds) Perspectives in Cross cultural psychiatry, Lippincott Williams &amp; Wilkins, Philadelphia<\/li>\n<li>Stylianidis S., Pantelidou S., Chondros P. (2007). Unit\u00e9s mobiles de sant\u00e9 mentale dans le Cyclades. L\u2019 Information Psychiatrique 83: 682-688<\/li>\n<li>Stylianidis SF, Pantelidou SM, &amp; Chondros P.C. (2008). Evaluation of the rehabilitation process in Greek Community Residential homes: resettlement from Greek Psychiatric Hospitals. International Journal of Psychosocial Rehabilitation. 13(1), 31-38<\/li>\n<li>Stylianidis, S., &amp; Pantelidou, S. (2008). Int\u00e9grer la Sante Mentale dans Communaut\u00e9 des Cyclades (Gr\u00e8ce). L\u2019exp\u00e9rience de Paros. Ville et Sant\u00e9 Mentale. Paris.<\/li>\n<\/ul>\n<p>&nbsp;<\/p>\n<\/div>\n<\/div><\/div><\/div><div id=\"pgc-1363-1-1\"  class=\"panel-grid-cell\" ><div id=\"panel-1363-1-1-0\" class=\"so-panel widget widget_sow-editor panel-first-child panel-last-child\" data-index=\"2\" ><div\n\t\t\t\n\t\t\tclass=\"so-widget-sow-editor so-widget-sow-editor-base\"\n\t\t\t\n\t\t>\n<div class=\"siteorigin-widget-tinymce textwidget\">\n\t<ul>\n<li>Epidemiological \u2013 Anthropological Research of the World Health Organisation (WHO Collaborating Centre of Lille) in collaboration with EPAPSY \u201cMental health in general population: images and realities\u201d, Evia Island, Greece, 2004. Sample size: 900 people. Scientific Director: Stelios Stylianidis<\/li>\n<li>Epidemiological Research for the prevalence of common disorders of the Scientific Association for Regional Development and Mental Health (EPAPSY) in the general population of Paros and Antiparos Islands. Paros, Greece, 2008. Sample size: 776 people. Scientific Director: Stelios Stylianidis<\/li>\n<li>Scientific Responsible of the research \u201cSocial Exclusion and Mental Health in Metropolitan Athens\u201d October 2010 - March 2011, 356 people, Panteion University<\/li>\n<li>Scientific Coordinator of the European Project, Daphne III, Against Domestic Violence, September 2010 - September 2012<\/li>\n<\/ul>\n<\/div>\n<\/div><\/div><\/div><\/div><div id=\"pg-1363-2\"  class=\"panel-grid panel-no-style\" ><div id=\"pgc-1363-2-0\"  class=\"panel-grid-cell panel-grid-cell-empty\" ><\/div><div id=\"pgc-1363-2-1\"  class=\"panel-grid-cell\" ><div id=\"panel-1363-2-1-0\" class=\"so-panel widget widget_sow-editor panel-first-child panel-last-child\" data-index=\"3\" ><div\n\t\t\t\n\t\t\tclass=\"so-widget-sow-editor so-widget-sow-editor-base\"\n\t\t\t\n\t\t>\n<div class=\"siteorigin-widget-tinymce textwidget\">\n\t<p><span style=\"text-decoration: underline;\"><strong> You can download your entire resume here:<\/strong><\/span><\/p>\n<\/div>\n<\/div><\/div><\/div><\/div><div id=\"pg-1363-3\"  class=\"panel-grid panel-no-style\" ><div id=\"pgc-1363-3-0\"  class=\"panel-grid-cell panel-grid-cell-empty\" ><\/div><div id=\"pgc-1363-3-1\"  class=\"panel-grid-cell\" ><div id=\"panel-1363-3-1-0\" class=\"so-panel widget widget_pw_brochure_box widget-brochure-box panel-first-child panel-last-child\" data-index=\"4\" >\n\n\t<h3 class=\"widget-title\"><\/h3>\n\n\t<a class=\"brochure-box\" href=\"https:\/\/www.stylianidispsy.gr\/wp-content\/uploads\/2021\/04\/CV_en.pdf\" target=\"_self\">\n\t\t<span class=\"brochure-box__icon\"><i class=\"fa  fa-file-pdf-o\"><\/i><\/span>\n\t\t<h5 class=\"brochure-box__text\">Download CV<\/h5>\n\t<\/a>\n\n<\/div><\/div><\/div><\/div>","protected":false},"excerpt":{"rendered":"<p>Stelios Stylianidis is Professor of Social Psychiatry at the Department of Psychology at Panteion University in Athens. He is the founder and Scientific Director (1989-2015) of the Scientific Association for Regional Development and Mental Health (E.P.A.PS.Y.). From 2016, he has been working as Scientific Consultant of E.P.A.P.S.Y. (NGO) and since 2020 he has been the &hellip;<\/p>\n","protected":false},"author":2,"featured_media":0,"parent":0,"menu_order":0,"comment_status":"closed","ping_status":"closed","template":"","meta":{"_acf_changed":false,"footnotes":""},"class_list":["post-1363","page","type-page","status-publish","hentry"],"acf":[],"_links":{"self":[{"href":"https:\/\/www.stylianidispsy.gr\/en\/wp-json\/wp\/v2\/pages\/1363","targetHints":{"allow":["GET"]}}],"collection":[{"href":"https:\/\/www.stylianidispsy.gr\/en\/wp-json\/wp\/v2\/pages"}],"about":[{"href":"https:\/\/www.stylianidispsy.gr\/en\/wp-json\/wp\/v2\/types\/page"}],"author":[{"embeddable":true,"href":"https:\/\/www.stylianidispsy.gr\/en\/wp-json\/wp\/v2\/users\/2"}],"replies":[{"embeddable":true,"href":"https:\/\/www.stylianidispsy.gr\/en\/wp-json\/wp\/v2\/comments?post=1363"}],"version-history":[{"count":5,"href":"https:\/\/www.stylianidispsy.gr\/en\/wp-json\/wp\/v2\/pages\/1363\/revisions"}],"predecessor-version":[{"id":2568,"href":"https:\/\/www.stylianidispsy.gr\/en\/wp-json\/wp\/v2\/pages\/1363\/revisions\/2568"}],"wp:attachment":[{"href":"https:\/\/www.stylianidispsy.gr\/en\/wp-json\/wp\/v2\/media?parent=1363"}],"curies":[{"name":"wp","href":"https:\/\/api.w.org\/{rel}","templated":true}]}}